{"id":15408,"date":"2022-08-19T15:52:17","date_gmt":"2022-08-19T15:52:17","guid":{"rendered":"https:\/\/neofit.es\/?page_id=15408"},"modified":"2022-10-02T14:23:44","modified_gmt":"2022-10-02T14:23:44","slug":"t90-for-women","status":"publish","type":"page","link":"https:\/\/neofit.es\/es\/t90-for-women\/","title":{"rendered":"T90 para mujeres"},"content":{"rendered":"<div data-elementor-type=\"wp-page\" data-elementor-id=\"15408\" class=\"elementor elementor-15408\" data-elementor-post-type=\"page\">\n\t\t\t\t\t\t<section class=\"elementor-section elementor-top-section elementor-element elementor-element-5dc8d2c elementor-section-boxed elementor-section-height-default elementor-section-height-default\" data-id=\"5dc8d2c\" data-element_type=\"section\" data-settings=\"{&quot;background_background&quot;:&quot;classic&quot;}\">\n\t\t\t\t\t\t<div class=\"elementor-container elementor-column-gap-default\">\n\t\t\t\t\t<div class=\"elementor-column elementor-col-100 elementor-top-column elementor-element elementor-element-f6c861a\" data-id=\"f6c861a\" data-element_type=\"column\">\n\t\t\t<div class=\"elementor-widget-wrap elementor-element-populated\">\n\t\t\t\t\t\t<div class=\"elementor-element elementor-element-72f1b3b elementor-widget elementor-widget-text-editor\" data-id=\"72f1b3b\" data-element_type=\"widget\" data-widget_type=\"text-editor.default\">\n\t\t\t\t<div class=\"elementor-widget-container\">\n\t\t\t\t\t\t\t<p>\u00a1enhorabuena tu transformaci\u00f3n empieza aqu\u00ed!<\/p>\t\t\t\t\t\t<\/div>\n\t\t\t\t<\/div>\n\t\t\t\t<div class=\"elementor-element elementor-element-76539bf elementor-widget elementor-widget-text-editor\" data-id=\"76539bf\" data-element_type=\"widget\" data-widget_type=\"text-editor.default\">\n\t\t\t\t<div class=\"elementor-widget-container\">\n\t\t\t\t\t\t\t<p><strong>\u00a1\u00a1\u00a1Bienvenidas mujeres!!!<\/strong><br \/><br \/>Aqu\u00ed tienes toda la informaci\u00f3n que necesitas durante todo el programa.\u00a0 A continuaci\u00f3n encontrar\u00e1s las gu\u00edas que te invitamos a descargar y leer antes de empezar el 19 de septiembre.\u00a0 Tambi\u00e9n publicaremos aqu\u00ed el calendario de entrenamiento para que sepas aproximadamente lo que har\u00e1s en cada sesi\u00f3n.<br \/><br \/><strong>Lo m\u00e1s importante es que haga clic en este enlace para rellenar nuestro formulario de recogida de datos para que podamos dise\u00f1ar su gu\u00eda de nutrici\u00f3n personal.<\/strong><br \/>&gt; <a href=\"https:\/\/docs.google.com\/forms\/d\/e\/1FAIpQLSc-O5IoB_qBid8iJ_4n-sY_ltcUUj4I473EQFKeGXPcubMO8Q\/viewform\">FORMULARIO DE RECOGIDA DE DATOS<\/a><\/p><p>Cualquier comunicaci\u00f3n general se har\u00e1 a trav\u00e9s del grupo de WhatsApp.\u00a0 Adem\u00e1s, si no tienes la APP de NEO, utiliza los siguientes enlaces para descargarla y registrarte.<\/p>\t\t\t\t\t\t<\/div>\n\t\t\t\t<\/div>\n\t\t\t\t<div class=\"elementor-element elementor-element-8114953 elementor-widget elementor-widget-heading\" data-id=\"8114953\" data-element_type=\"widget\" data-widget_type=\"heading.default\">\n\t\t\t\t<div class=\"elementor-widget-container\">\n\t\t\t<h2 class=\"elementor-heading-title elementor-size-default\">TRAINING SCHEDULE<\/h2>\t\t<\/div>\n\t\t\t\t<\/div>\n\t\t\t\t<section class=\"elementor-section elementor-inner-section elementor-element elementor-element-bcbb3c5 elementor-section-boxed elementor-section-height-default elementor-section-height-default\" data-id=\"bcbb3c5\" data-element_type=\"section\">\n\t\t\t\t\t\t<div class=\"elementor-container elementor-column-gap-default\">\n\t\t\t\t\t<div class=\"elementor-column elementor-col-50 elementor-inner-column elementor-element elementor-element-f671d8c\" data-id=\"f671d8c\" data-element_type=\"column\">\n\t\t\t<div class=\"elementor-widget-wrap elementor-element-populated\">\n\t\t\t\t\t\t<div class=\"elementor-element elementor-element-7748ece elementor-widget elementor-widget-text-editor\" data-id=\"7748ece\" data-element_type=\"widget\" data-widget_type=\"text-editor.default\">\n\t\t\t\t<div class=\"elementor-widget-container\">\n\t\t\t\t\t\t\t<p><strong>WEEK 1 &#8211; 4&nbsp;<\/strong><br>You will be building strength and endurance to make sure we build a good platform so that we really can start transforming your bodies.<\/p>\n<p>According to individual goals there will be slight variations within the class.<\/p>\n<p>The first 4 weeks everyone will receive the same &#8220;Day 4&#8221; plan with changes to the weight and reps.&nbsp; This will then be more individualised from week 5.<\/p>\n<p><strong>WEEK 1 &#8211; 4&nbsp; &nbsp; Strength &amp; endurance<\/strong><\/p><strong>\n<p>WEEK 5 &#8211; 8&nbsp; &nbsp; coming soon<\/p>\n<\/strong><p><strong>WEEK 9 &#8211; 12&nbsp; &nbsp; coming soon<\/strong><\/p>\t\t\t\t\t\t<\/div>\n\t\t\t\t<\/div>\n\t\t\t\t\t<\/div>\n\t\t<\/div>\n\t\t\t\t<div class=\"elementor-column elementor-col-50 elementor-inner-column elementor-element elementor-element-5f331a3\" data-id=\"5f331a3\" data-element_type=\"column\">\n\t\t\t<div class=\"elementor-widget-wrap elementor-element-populated\">\n\t\t\t\t\t\t<div class=\"elementor-element elementor-element-01e27c6 elementor-widget elementor-widget-text-editor\" data-id=\"01e27c6\" data-element_type=\"widget\" data-widget_type=\"text-editor.default\">\n\t\t\t\t<div class=\"elementor-widget-container\">\n\t\t\t\t\t\t\t<p><strong>DAY 1<\/strong><br \/>Lower body (Complete legs)<\/p><p><strong>DAY 2<\/strong><br \/>Upper Body, Abs and Core<\/p><p><strong>DAY 3<\/strong><br \/>Full Body<\/p><p><strong>DAY 4 (Extra plan)<\/strong><\/p><p>Lower body (Glutes &amp; Hamstrings)<\/p>\t\t\t\t\t\t<\/div>\n\t\t\t\t<\/div>\n\t\t\t\t\t<\/div>\n\t\t<\/div>\n\t\t\t\t\t<\/div>\n\t\t<\/section>\n\t\t\t\t<section class=\"elementor-section elementor-inner-section elementor-element elementor-element-8d07feb elementor-section-boxed elementor-section-height-default elementor-section-height-default\" data-id=\"8d07feb\" data-element_type=\"section\">\n\t\t\t\t\t\t<div class=\"elementor-container elementor-column-gap-default\">\n\t\t\t\t\t<div class=\"elementor-column elementor-col-50 elementor-inner-column elementor-element elementor-element-9e08f4a\" data-id=\"9e08f4a\" data-element_type=\"column\">\n\t\t\t<div class=\"elementor-widget-wrap elementor-element-populated\">\n\t\t\t\t\t\t<div class=\"elementor-element elementor-element-b60af88 elementor-widget elementor-widget-image\" data-id=\"b60af88\" data-element_type=\"widget\" data-widget_type=\"image.default\">\n\t\t\t\t<div class=\"elementor-widget-container\">\n\t\t\t\t\t\t\t\t\t\t<figure class=\"wp-caption\">\n\t\t\t\t\t\t\t\t\t\t\t<a href=\"https:\/\/neofit.es\/pdf\/Start_Guide_es.pdf\">\n\t\t\t\t\t\t\t<img fetchpriority=\"high\" decoding=\"async\" width=\"772\" height=\"1024\" src=\"https:\/\/neofit.es\/wp-content\/uploads\/2022\/08\/Start-Guide_-772x1024.png\" class=\"attachment-large size-large wp-image-15411\" alt=\"\" srcset=\"https:\/\/neofit.es\/wp-content\/uploads\/2022\/08\/Start-Guide_-772x1024.png 772w, https:\/\/neofit.es\/wp-content\/uploads\/2022\/08\/Start-Guide_-226x300.png 226w, https:\/\/neofit.es\/wp-content\/uploads\/2022\/08\/Start-Guide_-768x1018.png 768w, https:\/\/neofit.es\/wp-content\/uploads\/2022\/08\/Start-Guide_-9x12.png 9w, https:\/\/neofit.es\/wp-content\/uploads\/2022\/08\/Start-Guide_.png 1400w\" sizes=\"(max-width: 772px) 100vw, 772px\" \/>\t\t\t\t\t\t\t\t<\/a>\n\t\t\t\t\t\t\t\t\t\t\t<figcaption class=\"widget-image-caption wp-caption-text\"><\/figcaption>\n\t\t\t\t\t\t\t\t\t\t<\/figure>\n\t\t\t\t\t\t\t<\/div>\n\t\t\t\t<\/div>\n\t\t\t\t\t<\/div>\n\t\t<\/div>\n\t\t\t\t<div class=\"elementor-column elementor-col-50 elementor-inner-column elementor-element elementor-element-1e9b2ca\" data-id=\"1e9b2ca\" data-element_type=\"column\">\n\t\t\t<div class=\"elementor-widget-wrap elementor-element-populated\">\n\t\t\t\t\t\t<div class=\"elementor-element elementor-element-4aaef44 elementor-widget elementor-widget-image\" data-id=\"4aaef44\" data-element_type=\"widget\" data-widget_type=\"image.default\">\n\t\t\t\t<div class=\"elementor-widget-container\">\n\t\t\t\t\t\t\t\t\t\t<figure class=\"wp-caption\">\n\t\t\t\t\t\t\t\t\t\t\t<a href=\"https:\/\/neofit.es\/pdf\/Nutrition_Guide_es.pdf\">\n\t\t\t\t\t\t\t<img decoding=\"async\" width=\"767\" height=\"1024\" src=\"https:\/\/neofit.es\/wp-content\/uploads\/2022\/08\/Neo-T90-Nutrition-767x1024.jpg\" class=\"attachment-large size-large wp-image-15410\" alt=\"\" srcset=\"https:\/\/neofit.es\/wp-content\/uploads\/2022\/08\/Neo-T90-Nutrition-767x1024.jpg 767w, https:\/\/neofit.es\/wp-content\/uploads\/2022\/08\/Neo-T90-Nutrition-225x300.jpg 225w, https:\/\/neofit.es\/wp-content\/uploads\/2022\/08\/Neo-T90-Nutrition-768x1025.jpg 768w, https:\/\/neofit.es\/wp-content\/uploads\/2022\/08\/Neo-T90-Nutrition-9x12.jpg 9w, https:\/\/neofit.es\/wp-content\/uploads\/2022\/08\/Neo-T90-Nutrition-scaled.jpg 1049w\" sizes=\"(max-width: 767px) 100vw, 767px\" \/>\t\t\t\t\t\t\t\t<\/a>\n\t\t\t\t\t\t\t\t\t\t\t<figcaption class=\"widget-image-caption wp-caption-text\"><\/figcaption>\n\t\t\t\t\t\t\t\t\t\t<\/figure>\n\t\t\t\t\t\t\t<\/div>\n\t\t\t\t<\/div>\n\t\t\t\t\t<\/div>\n\t\t<\/div>\n\t\t\t\t\t<\/div>\n\t\t<\/section>\n\t\t\t\t\t<\/div>\n\t\t<\/div>\n\t\t\t\t\t<\/div>\n\t\t<\/section>\n\t\t\t\t<section class=\"elementor-section elementor-top-section elementor-element elementor-element-5ac8f6e elementor-section-full_width elementor-section-height-default elementor-section-height-default\" data-id=\"5ac8f6e\" data-element_type=\"section\">\n\t\t\t\t\t\t<div class=\"elementor-container elementor-column-gap-no\">\n\t\t\t\t\t<div class=\"elementor-column elementor-col-100 elementor-top-column elementor-element elementor-element-018ca83\" data-id=\"018ca83\" data-element_type=\"column\">\n\t\t\t<div class=\"elementor-widget-wrap elementor-element-populated\">\n\t\t\t\t\t\t<div class=\"elementor-element elementor-element-a53075f elementor-widget elementor-widget-template\" data-id=\"a53075f\" data-element_type=\"widget\" data-widget_type=\"template.default\">\n\t\t\t\t<div class=\"elementor-widget-container\">\n\t\t\t\t\t<div class=\"elementor-template\">\n\t\t\t\t\t<div data-elementor-type=\"section\" data-elementor-id=\"14716\" class=\"elementor elementor-14716\" data-elementor-post-type=\"elementor_library\">\n\t\t\t\t\t<section class=\"elementor-section elementor-top-section elementor-element elementor-element-34e11b0e elementor-section-boxed elementor-section-height-default elementor-section-height-default\" data-id=\"34e11b0e\" data-element_type=\"section\" data-settings=\"{&quot;background_background&quot;:&quot;classic&quot;}\">\n\t\t\t\t\t\t<div class=\"elementor-container elementor-column-gap-no\">\n\t\t\t\t\t<div class=\"elementor-column elementor-col-50 elementor-top-column elementor-element elementor-element-55b307fc\" data-id=\"55b307fc\" data-element_type=\"column\">\n\t\t\t<div class=\"elementor-widget-wrap elementor-element-populated\">\n\t\t\t\t\t\t<div class=\"elementor-element elementor-element-401755fe elementor-widget elementor-widget-text-editor\" data-id=\"401755fe\" data-element_type=\"widget\" data-widget_type=\"text-editor.default\">\n\t\t\t\t<div class=\"elementor-widget-container\">\n\t\t\t\t\t\t\tDESCARGUE NUESTRA APLICACI\u00d3N M\u00d3VIL <span class=\"white\">PARA INSCRIBIRSE EN EL GIMNASIO<\/span>\t\t\t\t\t\t<\/div>\n\t\t\t\t<\/div>\n\t\t\t\t<section class=\"elementor-section elementor-inner-section elementor-element elementor-element-2134050 elementor-section-boxed elementor-section-height-default elementor-section-height-default\" data-id=\"2134050\" data-element_type=\"section\">\n\t\t\t\t\t\t<div class=\"elementor-container elementor-column-gap-default\">\n\t\t\t\t\t<div class=\"elementor-column elementor-col-33 elementor-inner-column elementor-element elementor-element-5c11c4c9\" data-id=\"5c11c4c9\" data-element_type=\"column\">\n\t\t\t<div class=\"elementor-widget-wrap elementor-element-populated\">\n\t\t\t\t\t\t<div class=\"elementor-element elementor-element-26ee014d elementor-widget elementor-widget-image\" data-id=\"26ee014d\" data-element_type=\"widget\" data-widget_type=\"image.default\">\n\t\t\t\t<div class=\"elementor-widget-container\">\n\t\t\t\t\t\t\t\t\t\t\t\t\t\t<a href=\"http:\/\/apps.apple.com\/us\/app\/neo-gym\/id6759277556\">\n\t\t\t\t\t\t\t<img decoding=\"async\" width=\"584\" height=\"762\" src=\"https:\/\/neofit.es\/wp-content\/uploads\/2022\/03\/Screenshot-2026-03-05-at-14.48.09.png\" class=\"attachment-large size-large wp-image-16387\" alt=\"\" srcset=\"https:\/\/neofit.es\/wp-content\/uploads\/2022\/03\/Screenshot-2026-03-05-at-14.48.09.png 584w, https:\/\/neofit.es\/wp-content\/uploads\/2022\/03\/Screenshot-2026-03-05-at-14.48.09-230x300.png 230w, https:\/\/neofit.es\/wp-content\/uploads\/2022\/03\/Screenshot-2026-03-05-at-14.48.09-9x12.png 9w\" sizes=\"(max-width: 584px) 100vw, 584px\" \/>\t\t\t\t\t\t\t\t<\/a>\n\t\t\t\t\t\t\t\t\t\t\t\t\t<\/div>\n\t\t\t\t<\/div>\n\t\t\t\t\t<\/div>\n\t\t<\/div>\n\t\t\t\t<div class=\"elementor-column elementor-col-33 elementor-inner-column elementor-element elementor-element-65d94fcd\" data-id=\"65d94fcd\" data-element_type=\"column\">\n\t\t\t<div class=\"elementor-widget-wrap elementor-element-populated\">\n\t\t\t\t\t\t<div class=\"elementor-element elementor-element-dc620a5 elementor-widget elementor-widget-image\" data-id=\"dc620a5\" data-element_type=\"widget\" data-widget_type=\"image.default\">\n\t\t\t\t<div class=\"elementor-widget-container\">\n\t\t\t\t\t\t\t\t\t\t\t\t\t\t<a href=\"http:\/\/play.google.com\/store\/apps\/details?id=com.sportconsulting.neofitgym\">\n\t\t\t\t\t\t\t<img loading=\"lazy\" decoding=\"async\" width=\"594\" height=\"764\" src=\"https:\/\/neofit.es\/wp-content\/uploads\/2022\/03\/Screenshot-2026-03-05-at-14.48.30.png\" class=\"attachment-large size-large wp-image-16388\" alt=\"\" srcset=\"https:\/\/neofit.es\/wp-content\/uploads\/2022\/03\/Screenshot-2026-03-05-at-14.48.30.png 594w, https:\/\/neofit.es\/wp-content\/uploads\/2022\/03\/Screenshot-2026-03-05-at-14.48.30-233x300.png 233w, https:\/\/neofit.es\/wp-content\/uploads\/2022\/03\/Screenshot-2026-03-05-at-14.48.30-9x12.png 9w\" sizes=\"(max-width: 594px) 100vw, 594px\" \/>\t\t\t\t\t\t\t\t<\/a>\n\t\t\t\t\t\t\t\t\t\t\t\t\t<\/div>\n\t\t\t\t<\/div>\n\t\t\t\t\t<\/div>\n\t\t<\/div>\n\t\t\t\t<div class=\"elementor-column elementor-col-33 elementor-inner-column elementor-element elementor-element-448697cb\" data-id=\"448697cb\" data-element_type=\"column\">\n\t\t\t<div class=\"elementor-widget-wrap elementor-element-populated\">\n\t\t\t\t\t\t<div class=\"elementor-element elementor-element-7849d9c1 elementor-widget elementor-widget-text-editor\" data-id=\"7849d9c1\" data-element_type=\"widget\" data-widget_type=\"text-editor.default\">\n\t\t\t\t<div class=\"elementor-widget-container\">\n\t\t\t\t\t\t\t<p>Nuestra aplicaci\u00f3n NEO te da acceso a nuestro sistema de reservas para clases de fuerza y acondicionamiento, entrenamiento personal y otros programas que ofrecemos.\n\nAdem\u00e1s, tambi\u00e9n proporcionamos consejos de entrenamiento gratuitos para que puedas sacar el m\u00e1ximo provecho de tus sesiones de entrenamiento.<\/p><p><span style=\"font-weight: 400;\">Desc\u00e1rgate nuestra app y reg\u00edstrate para disfrutar de las muchas ventajas que te ofrecemos.<\/span><\/p>\t\t\t\t\t\t<\/div>\n\t\t\t\t<\/div>\n\t\t\t\t\t<\/div>\n\t\t<\/div>\n\t\t\t\t\t<\/div>\n\t\t<\/section>\n\t\t\t\t\t<\/div>\n\t\t<\/div>\n\t\t\t\t<div class=\"elementor-column elementor-col-50 elementor-top-column elementor-element elementor-element-d030795\" data-id=\"d030795\" data-element_type=\"column\">\n\t\t\t<div class=\"elementor-widget-wrap elementor-element-populated\">\n\t\t\t\t\t\t<div class=\"elementor-element elementor-element-5b5d84f2 elementor-widget elementor-widget-image\" data-id=\"5b5d84f2\" data-element_type=\"widget\" data-widget_type=\"image.default\">\n\t\t\t\t<div class=\"elementor-widget-container\">\n\t\t\t\t\t\t\t\t\t\t\t\t\t<img loading=\"lazy\" decoding=\"async\" width=\"600\" height=\"840\" src=\"https:\/\/neofit.es\/wp-content\/uploads\/2021\/10\/phonemock.png\" class=\"attachment-large size-large wp-image-14704\" alt=\"\" srcset=\"https:\/\/neofit.es\/wp-content\/uploads\/2021\/10\/phonemock.png 600w, https:\/\/neofit.es\/wp-content\/uploads\/2021\/10\/phonemock-214x300.png 214w\" sizes=\"(max-width: 600px) 100vw, 600px\" \/>\t\t\t\t\t\t\t\t\t\t\t\t\t<\/div>\n\t\t\t\t<\/div>\n\t\t\t\t\t<\/div>\n\t\t<\/div>\n\t\t\t\t\t<\/div>\n\t\t<\/section>\n\t\t\t\t<\/div>\n\t\t\t\t<\/div>\n\t\t\t\t<\/div>\n\t\t\t\t<\/div>\n\t\t\t\t\t<\/div>\n\t\t<\/div>\n\t\t\t\t\t<\/div>\n\t\t<\/section>\n\t\t\t\t<\/div>","protected":false},"excerpt":{"rendered":"<p>congratulations your transformation begins here! Welcome ladies!!! This page will basically have all the info you will need during the entire program.\u00a0 Below are your start guides which we invite you to download and read through before you start on the 19th September.\u00a0 We will also post the training timetable here so you know roughly [&hellip;]<\/p>\n","protected":false},"author":1,"featured_media":0,"parent":0,"menu_order":0,"comment_status":"closed","ping_status":"closed","template":"","meta":{"inline_featured_image":false},"aioseo_notices":[],"_links":{"self":[{"href":"https:\/\/neofit.es\/es\/wp-json\/wp\/v2\/pages\/15408"}],"collection":[{"href":"https:\/\/neofit.es\/es\/wp-json\/wp\/v2\/pages"}],"about":[{"href":"https:\/\/neofit.es\/es\/wp-json\/wp\/v2\/types\/page"}],"author":[{"embeddable":true,"href":"https:\/\/neofit.es\/es\/wp-json\/wp\/v2\/users\/1"}],"replies":[{"embeddable":true,"href":"https:\/\/neofit.es\/es\/wp-json\/wp\/v2\/comments?post=15408"}],"version-history":[{"count":40,"href":"https:\/\/neofit.es\/es\/wp-json\/wp\/v2\/pages\/15408\/revisions"}],"predecessor-version":[{"id":15512,"href":"https:\/\/neofit.es\/es\/wp-json\/wp\/v2\/pages\/15408\/revisions\/15512"}],"wp:attachment":[{"href":"https:\/\/neofit.es\/es\/wp-json\/wp\/v2\/media?parent=15408"}],"curies":[{"name":"wp","href":"https:\/\/api.w.org\/{rel}","templated":true}]}}